{"id":2060,"date":"2021-03-02T13:12:23","date_gmt":"2021-03-02T11:12:23","guid":{"rendered":"https:\/\/www.tourex.be\/service\/"},"modified":"2022-10-14T12:55:50","modified_gmt":"2022-10-14T10:55:50","slug":"service","status":"publish","type":"page","link":"https:\/\/www.tourex.be\/fr\/service\/","title":{"rendered":"Service"},"content":{"rendered":"<p>Un appareil de qualit\u00e9 n\u00e9cessite \u00e9galement un service de qualit\u00e9. Pour cela, nous disposons d&rsquo;un grand stock de pi\u00e8ces de rechange et de bonnes connaissances techniques. Nous nous effor\u00e7ons d&rsquo;avoir la plupart des pi\u00e8ces en stock. Cela permet de r\u00e9parer votre appareil le plus rapidement possible. Vous pourrez ainsi vous remettre rapidement au travail!<\/p>\n<p>Nous investissons dans de nouvelles infrastructures sp\u00e9cialement pour vous. Nous avons plac\u00e9 3 entrep\u00f4ts automatiques pour les pi\u00e8ces de rechange dans lesquels sont stock\u00e9es environ 10 000 pi\u00e8ces.<\/p>\n<p>Notre \u00e9quipe technique qualif\u00e9e trouve rapidement le probl\u00e8me gr\u00e2ce \u00e0 une analyse rapide et correcte. Par cons\u00e9quent, nous ne rempla\u00e7ons g\u00e9n\u00e9ralement pas les pi\u00e8ces inutiles et les co\u00fbts de main-d&rsquo;\u0153uvre \u00e9lev\u00e9s sont exclus.<\/p>\n<p>Voulez-vous effectuer la r\u00e9paration vous-m\u00eame? Pas de probl\u00e8me, comme toutes nos marchandises, les pi\u00e8ces d\u00e9tach\u00e9es sont g\u00e9n\u00e9ralement exp\u00e9di\u00e9es sous 24 heures.<\/p>\n<p><strong>Pour nos transporteurs, nous vous demandons de retirer tout le carburant de l&rsquo;appareil avant de l&rsquo;envoyer pour r\u00e9paration ou inspection.<\/strong><\/p>\n","protected":false},"excerpt":{"rendered":"<p>Un appareil de qualit\u00e9 n\u00e9cessite \u00e9galement un service de qualit\u00e9. Pour cela, nous disposons d&rsquo;un grand stock de pi\u00e8ces de rechange et de&#8230;<\/p>\n","protected":false},"author":1,"featured_media":0,"parent":0,"menu_order":0,"comment_status":"closed","ping_status":"closed","template":"","meta":{"_acf_changed":false,"inline_featured_image":false,"footnotes":""},"class_list":["post-2060","page","type-page","status-publish","hentry"],"acf":[],"yoast_head":"<!-- This site is optimized with the Yoast SEO plugin v27.5 - https:\/\/yoast.com\/product\/yoast-seo-wordpress\/ -->\n<title>R\u00e9parations et inspection de votre appareil - Service - Tourex<\/title>\n<meta name=\"description\" content=\"Chez Tourex, nous croyons que bonne service est une n\u00e9cessit\u00e9e. Ainsi nous essayons de vous aider avec une analyse rapide et precise.\" \/>\n<meta name=\"robots\" content=\"index, follow, max-snippet:-1, max-image-preview:large, max-video-preview:-1\" \/>\n<link rel=\"canonical\" href=\"https:\/\/www.tourex.be\/fr\/service\/\" \/>\n<meta property=\"og:locale\" content=\"fr_FR\" \/>\n<meta property=\"og:type\" content=\"article\" \/>\n<meta property=\"og:title\" content=\"R\u00e9parations et inspection de votre appareil - Service - Tourex\" \/>\n<meta property=\"og:description\" content=\"Chez Tourex, nous croyons que bonne service est une n\u00e9cessit\u00e9e. Ainsi nous essayons de vous aider avec une analyse rapide et precise.\" \/>\n<meta property=\"og:url\" content=\"https:\/\/www.tourex.be\/fr\/service\/\" \/>\n<meta property=\"og:site_name\" content=\"Tourex\" \/>\n<meta property=\"article:publisher\" content=\"https:\/\/www.facebook.com\/trxprogear\" \/>\n<meta property=\"article:modified_time\" content=\"2022-10-14T10:55:50+00:00\" \/>\n<meta name=\"twitter:card\" content=\"summary_large_image\" \/>\n<meta name=\"twitter:label1\" content=\"Dur\u00e9e de lecture estim\u00e9e\" \/>\n\t<meta name=\"twitter:data1\" content=\"1 minute\" \/>\n<script type=\"application\/ld+json\" class=\"yoast-schema-graph\">{\"@context\":\"https:\\\/\\\/schema.org\",\"@graph\":[{\"@type\":\"WebPage\",\"@id\":\"https:\\\/\\\/www.tourex.be\\\/fr\\\/service\\\/\",\"url\":\"https:\\\/\\\/www.tourex.be\\\/fr\\\/service\\\/\",\"name\":\"R\u00e9parations et inspection de votre appareil - Service - Tourex\",\"isPartOf\":{\"@id\":\"https:\\\/\\\/www.tourex.be\\\/fr\\\/#website\"},\"datePublished\":\"2021-03-02T11:12:23+00:00\",\"dateModified\":\"2022-10-14T10:55:50+00:00\",\"description\":\"Chez Tourex, nous croyons que bonne service est une n\u00e9cessit\u00e9e. Ainsi nous essayons de vous aider avec une analyse rapide et precise.\",\"breadcrumb\":{\"@id\":\"https:\\\/\\\/www.tourex.be\\\/fr\\\/service\\\/#breadcrumb\"},\"inLanguage\":\"fr-FR\",\"potentialAction\":[{\"@type\":\"ReadAction\",\"target\":[\"https:\\\/\\\/www.tourex.be\\\/fr\\\/service\\\/\"]}]},{\"@type\":\"BreadcrumbList\",\"@id\":\"https:\\\/\\\/www.tourex.be\\\/fr\\\/service\\\/#breadcrumb\",\"itemListElement\":[{\"@type\":\"ListItem\",\"position\":1,\"name\":\"Accueil\",\"item\":\"https:\\\/\\\/www.tourex.be\\\/fr\\\/\"},{\"@type\":\"ListItem\",\"position\":2,\"name\":\"Service\"}]},{\"@type\":\"WebSite\",\"@id\":\"https:\\\/\\\/www.tourex.be\\\/fr\\\/#website\",\"url\":\"https:\\\/\\\/www.tourex.be\\\/fr\\\/\",\"name\":\"Tourex\",\"description\":\"\",\"publisher\":{\"@id\":\"https:\\\/\\\/www.tourex.be\\\/fr\\\/#organization\"},\"potentialAction\":[{\"@type\":\"SearchAction\",\"target\":{\"@type\":\"EntryPoint\",\"urlTemplate\":\"https:\\\/\\\/www.tourex.be\\\/fr\\\/?s={search_term_string}\"},\"query-input\":{\"@type\":\"PropertyValueSpecification\",\"valueRequired\":true,\"valueName\":\"search_term_string\"}}],\"inLanguage\":\"fr-FR\"},{\"@type\":\"Organization\",\"@id\":\"https:\\\/\\\/www.tourex.be\\\/fr\\\/#organization\",\"name\":\"Tourex\",\"url\":\"https:\\\/\\\/www.tourex.be\\\/fr\\\/\",\"logo\":{\"@type\":\"ImageObject\",\"inLanguage\":\"fr-FR\",\"@id\":\"https:\\\/\\\/www.tourex.be\\\/fr\\\/#\\\/schema\\\/logo\\\/image\\\/\",\"url\":\"https:\\\/\\\/www.tourex.be\\\/wp-content\\\/uploads\\\/2023\\\/06\\\/LogoTRX2022_ZwartRood.png\",\"contentUrl\":\"https:\\\/\\\/www.tourex.be\\\/wp-content\\\/uploads\\\/2023\\\/06\\\/LogoTRX2022_ZwartRood.png\",\"width\":7084,\"height\":3784,\"caption\":\"Tourex\"},\"image\":{\"@id\":\"https:\\\/\\\/www.tourex.be\\\/fr\\\/#\\\/schema\\\/logo\\\/image\\\/\"},\"sameAs\":[\"https:\\\/\\\/www.facebook.com\\\/trxprogear\",\"https:\\\/\\\/www.linkedin.com\\\/company\\\/tourex-nv-sa\\\/?originalSubdomain=be\"]}]}<\/script>\n<!-- \/ Yoast SEO plugin. -->","yoast_head_json":{"title":"R\u00e9parations et inspection de votre appareil - Service - Tourex","description":"Chez Tourex, nous croyons que bonne service est une n\u00e9cessit\u00e9e. Ainsi nous essayons de vous aider avec une analyse rapide et precise.","robots":{"index":"index","follow":"follow","max-snippet":"max-snippet:-1","max-image-preview":"max-image-preview:large","max-video-preview":"max-video-preview:-1"},"canonical":"https:\/\/www.tourex.be\/fr\/service\/","og_locale":"fr_FR","og_type":"article","og_title":"R\u00e9parations et inspection de votre appareil - Service - Tourex","og_description":"Chez Tourex, nous croyons que bonne service est une n\u00e9cessit\u00e9e. Ainsi nous essayons de vous aider avec une analyse rapide et precise.","og_url":"https:\/\/www.tourex.be\/fr\/service\/","og_site_name":"Tourex","article_publisher":"https:\/\/www.facebook.com\/trxprogear","article_modified_time":"2022-10-14T10:55:50+00:00","twitter_card":"summary_large_image","twitter_misc":{"Dur\u00e9e de lecture estim\u00e9e":"1 minute"},"schema":{"@context":"https:\/\/schema.org","@graph":[{"@type":"WebPage","@id":"https:\/\/www.tourex.be\/fr\/service\/","url":"https:\/\/www.tourex.be\/fr\/service\/","name":"R\u00e9parations et inspection de votre appareil - Service - Tourex","isPartOf":{"@id":"https:\/\/www.tourex.be\/fr\/#website"},"datePublished":"2021-03-02T11:12:23+00:00","dateModified":"2022-10-14T10:55:50+00:00","description":"Chez Tourex, nous croyons que bonne service est une n\u00e9cessit\u00e9e. Ainsi nous essayons de vous aider avec une analyse rapide et precise.","breadcrumb":{"@id":"https:\/\/www.tourex.be\/fr\/service\/#breadcrumb"},"inLanguage":"fr-FR","potentialAction":[{"@type":"ReadAction","target":["https:\/\/www.tourex.be\/fr\/service\/"]}]},{"@type":"BreadcrumbList","@id":"https:\/\/www.tourex.be\/fr\/service\/#breadcrumb","itemListElement":[{"@type":"ListItem","position":1,"name":"Accueil","item":"https:\/\/www.tourex.be\/fr\/"},{"@type":"ListItem","position":2,"name":"Service"}]},{"@type":"WebSite","@id":"https:\/\/www.tourex.be\/fr\/#website","url":"https:\/\/www.tourex.be\/fr\/","name":"Tourex","description":"","publisher":{"@id":"https:\/\/www.tourex.be\/fr\/#organization"},"potentialAction":[{"@type":"SearchAction","target":{"@type":"EntryPoint","urlTemplate":"https:\/\/www.tourex.be\/fr\/?s={search_term_string}"},"query-input":{"@type":"PropertyValueSpecification","valueRequired":true,"valueName":"search_term_string"}}],"inLanguage":"fr-FR"},{"@type":"Organization","@id":"https:\/\/www.tourex.be\/fr\/#organization","name":"Tourex","url":"https:\/\/www.tourex.be\/fr\/","logo":{"@type":"ImageObject","inLanguage":"fr-FR","@id":"https:\/\/www.tourex.be\/fr\/#\/schema\/logo\/image\/","url":"https:\/\/www.tourex.be\/wp-content\/uploads\/2023\/06\/LogoTRX2022_ZwartRood.png","contentUrl":"https:\/\/www.tourex.be\/wp-content\/uploads\/2023\/06\/LogoTRX2022_ZwartRood.png","width":7084,"height":3784,"caption":"Tourex"},"image":{"@id":"https:\/\/www.tourex.be\/fr\/#\/schema\/logo\/image\/"},"sameAs":["https:\/\/www.facebook.com\/trxprogear","https:\/\/www.linkedin.com\/company\/tourex-nv-sa\/?originalSubdomain=be"]}]}},"_links":{"self":[{"href":"https:\/\/www.tourex.be\/fr\/wp-json\/wp\/v2\/pages\/2060","targetHints":{"allow":["GET"]}}],"collection":[{"href":"https:\/\/www.tourex.be\/fr\/wp-json\/wp\/v2\/pages"}],"about":[{"href":"https:\/\/www.tourex.be\/fr\/wp-json\/wp\/v2\/types\/page"}],"author":[{"embeddable":true,"href":"https:\/\/www.tourex.be\/fr\/wp-json\/wp\/v2\/users\/1"}],"replies":[{"embeddable":true,"href":"https:\/\/www.tourex.be\/fr\/wp-json\/wp\/v2\/comments?post=2060"}],"version-history":[{"count":5,"href":"https:\/\/www.tourex.be\/fr\/wp-json\/wp\/v2\/pages\/2060\/revisions"}],"predecessor-version":[{"id":6688,"href":"https:\/\/www.tourex.be\/fr\/wp-json\/wp\/v2\/pages\/2060\/revisions\/6688"}],"wp:attachment":[{"href":"https:\/\/www.tourex.be\/fr\/wp-json\/wp\/v2\/media?parent=2060"}],"curies":[{"name":"wp","href":"https:\/\/api.w.org\/{rel}","templated":true}]}}