{"id":2164,"date":"2018-08-28T10:22:20","date_gmt":"2018-08-28T10:22:20","guid":{"rendered":"https:\/\/www.tourex.be\/privacy-policy\/"},"modified":"2021-04-14T11:09:23","modified_gmt":"2021-04-14T09:09:23","slug":"privacy-policy","status":"publish","type":"page","link":"https:\/\/www.tourex.be\/fr\/privacy-policy\/","title":{"rendered":"Privacy Policy"},"content":{"rendered":"<p>Derni\u00e8re modification le 14\/04\/2021<\/p>\n<h2>1.\u00a0 \u00a0\u00a0<b>Bienvenue<\/b><\/h2>\n<p>Nous sommes Tourex, une SA, \u00e9tablie \u00e0 <span class=\"address\">Spoorwegstraat 7 B-1601 Ruisbroek,<\/span> avec le num\u00e9ro d\u2019entreprise <span class=\"btw\">BE 0437 065 766<\/span><\/p>\n<p>Dans cette politique de confidentialit\u00e9, nous expliquons quelles sont les informations personnelles que nous recueillons en tant que \u00ab\u00a0contr\u00f4leur\u00a0\u00bb et comment nous les utilisons et les partageons pour am\u00e9liorer nos services.<\/p>\n<h2>2.\u00a0 \u00a0 Donn\u00e9es personnelles<\/h2>\n<p>Les informations personnelles limit\u00e9es que nous conservons sont collect\u00e9es de la mani\u00e8re suivante :<\/p>\n<ul>\n<li>Site web\u00a0: lorsque vous visitez notre site web, certaines donn\u00e9es sont enregistr\u00e9es via des cookies (y compris votre adresse IP) pour maintenir et am\u00e9liorer notre site web. Vous trouverez de plus amples informations sur ces cookies dans\u00a0notre\u00a0politique en mati\u00e8re de cookies\u00a0;<\/li>\n<li>Relation commerciale\u00a0:\u00a0lorsque vous nous contactez dans le cadre de nos services en tant que client (potentiel) ou partenaire, nous traitons votre nom complet, vos coordonn\u00e9es (adresse \u00e9lectronique, num\u00e9ro de t\u00e9l\u00e9phone, adresse professionnelle et\/ou personnelle) et d\u2019autres donn\u00e9es n\u00e9cessaires \u00e0 la commande, \u00e0 la facturation ou \u00e0 la coop\u00e9ration (telles que vos coordonn\u00e9es bancaires, l\u2019historique de vos contacts ou des donn\u00e9es relatives \u00e0 vos commandes pr\u00e9c\u00e9dentes) ;<\/li>\n<li>Marketing\u00a0: si vous nous donnez votre consentement explicite, nous traiterons votre nom complet et votre adresse \u00e9lectronique dans le but de vous envoyer du direct marketing, des newsletters, des promotions et des offres concernant nos produits et services. Vous pouvez toujours vous d\u00e9sabonner facilement.<\/li>\n<\/ul>\n<p>Bien que vous ne soyez jamais oblig\u00e9 de divulguer des donn\u00e9es \u00e0 caract\u00e8re personnel, un refus de fournir les informations n\u00e9cessaires peut entraver ou rendre impossible la fourniture de nos services.<\/p>\n<h2>3.\u00a0 \u00a0 Fins de traitement<\/h2>\n<p>Nous traitons les donn\u00e9es personnelles dans le cadre de notre gestion g\u00e9n\u00e9rale des clients et des commandes, ou pour fournir nos services. Cela inclut l\u2019administration des clients, le suivi des commandes et des livraisons, la facturation, les r\u00e9ponses aux questions et le marketing.<\/p>\n<p>Le traitement se fait sur la base des cat\u00e9gories de motifs juridiques suivantes :<\/p>\n<ul>\n<li>Sur la base de votre consentement ;<\/li>\n<li>Si n\u00e9cessaire \u00e0 l\u2019ex\u00e9cution d\u2019un accord ;<\/li>\n<li>Si n\u00e9cessaire pour se conformer \u00e0 une obligation l\u00e9gale ;<\/li>\n<li>Pour prot\u00e9ger vos int\u00e9r\u00eats vitaux ou ceux d\u2019une autre personne ;<\/li>\n<li>Pour accomplir une t\u00e2che dans l\u2019int\u00e9r\u00eat public ;<\/li>\n<li>Si n\u00e9cessaire pour prot\u00e9ger nos int\u00e9r\u00eats commerciaux l\u00e9gitimes.<\/li>\n<\/ul>\n<p>Dans la mesure o\u00f9 le traitement des donn\u00e9es \u00e0 caract\u00e8re personnel a lieu sur la base de votre consentement explicite, vous avez toujours le droit de retirer le consentement donn\u00e9.<\/p>\n<h2>4.\u00a0 \u00a0 Partage avec des tiers<\/h2>\n<p>Nous pouvons partager les donn\u00e9es personnelles avec nos employ\u00e9s et nos partenaires professionnels si cela est n\u00e9cessaire pour atteindre les objectifs vis\u00e9s. \u00c0 leur tour, nos partenaires prendront les mesures techniques et organisationnelles n\u00e9cessaires pour prot\u00e9ger ces donn\u00e9es personnelles.<\/p>\n<p>Nous ne commercialiserons jamais vos donn\u00e9es personnelles \u00e0 des tiers. Dans le cadre d\u2019une \u00e9ventuelle r\u00e9organisation, faillite ou cession d\u2019activit\u00e9s, les donn\u00e9es qui font partie de nos activit\u00e9s commerciales peuvent toutefois \u00eatre transf\u00e9r\u00e9es \u00e0 des tiers.<\/p>\n<p>Dans certains cas, nous pouvons \u00e9galement \u00eatre amen\u00e9s \u00e0 partager des donn\u00e9es \u00e0 caract\u00e8re personnel sur la base d\u2019une d\u00e9cision de justice ou d\u2019une l\u00e9gislation contraignante, par exemple dans le cadre de la lutte contre la fraude ou de probl\u00e8mes de s\u00e9curit\u00e9, ou pour prot\u00e9ger nos droits.<\/p>\n<h2>5.\u00a0 \u00a0\u00a0<b>P\u00e9riode de conservation<\/b><\/h2>\n<p>Les donn\u00e9es \u00e0 caract\u00e8re personnel seront trait\u00e9es et conserv\u00e9es par nous pendant une dur\u00e9e raisonnable n\u00e9cessaire \u00e0 la r\u00e9alisation des objectifs vis\u00e9s, en fonction de notre relation contractuelle, afin de respecter les exigences l\u00e9gales, ou dans le cadre des m\u00e9canismes habituels de conservation qui sont raisonnablement limit\u00e9s dans le temps (<em>back-ups<\/em>).<\/p>\n<h2>6.\u00a0 \u00a0 Vos droits<\/h2>\n<p>Toutes les personnes dont nous conservons les donn\u00e9es personnelles ont le droit \u00e0 tout moment :<\/p>\n<ul>\n<li>obtenir l\u2019acc\u00e8s \u00e0 leurs donn\u00e9es personnelles ;<\/li>\n<li>faire corriger ou compl\u00e9ter leurs donn\u00e9es personnelles si elles sont incorrectes ou incompl\u00e8tes ;<\/li>\n<li>faire supprimer leurs donn\u00e9es personnelles ;<\/li>\n<li>limiter le traitement de leurs donn\u00e9es personnelles ;<\/li>\n<li>s\u2019opposer au traitement de leurs donn\u00e9es personnelles pour une raison s\u00e9rieuse et l\u00e9gitime ;<\/li>\n<li>faire transf\u00e9rer leurs donn\u00e9es personnelles \u00e0 une autre entreprise.<\/li>\n<\/ul>\n<p>Pour exercer les droits ci-dessus, vous pouvez nous contacter par courrier ou via <a class=\"mail\" href=\"mailto:sales@tourex.be\">sales@tourex.be<\/a><\/p>\n<p>D\u00e8s r\u00e9ception de votre demande, nous devrons \u00eatre en mesure de v\u00e9rifier votre identit\u00e9.<\/p>\n<h2>7.\u00a0 \u00a0 R\u00e9clamations<\/h2>\n<p>Si vous avez des remarques ou des questions sur notre politique de protection de la vie priv\u00e9e, veuillez nous en faire part.<\/p>\n<p>Toutes les personnes dont nous conservons des donn\u00e9es \u00e0 caract\u00e8re personnel ont \u00e9galement le droit de d\u00e9poser une plainte aupr\u00e8s de la Commission de la protection de la vie priv\u00e9e (Rue de la Presse 35, 1000 Bruxelles, commission@privacycommission.be).<\/p>\n<h2>8.\u00a0 \u00a0 S\u00e9curit\u00e9<\/h2>\n<p>Nous appliquons au minimum les mesures de s\u00e9curit\u00e9 techniques et organisationnelles habituelles que l\u2019on peut raisonnablement attendre de nous pour prot\u00e9ger vos donn\u00e9es personnelles contre la destruction, la perte, l\u2019alt\u00e9ration, la falsification, la distribution ou l\u2019acc\u00e8s non autoris\u00e9.<\/p>\n<p>Les donn\u00e9es personnelles ne seront transf\u00e9r\u00e9es \u00e0 un partenaire dans un pays hors de l\u2019Espace \u00e9conomique europ\u00e9en que si ce pays assure un niveau de protection ad\u00e9quat pour vos donn\u00e9es personnelles. Avant de partager des donn\u00e9es personnelles avec un partenaire aux \u00c9tats-Unis d\u2019Am\u00e9rique, nous exigeons un accord de traitement distinct ou une certification selon le Privacy Shield Framework (www.privacyshield.gov).<\/p>\n<p>Nous ne pouvons \u00eatre tenus responsables de toute utilisation incorrecte ou ill\u00e9gale de donn\u00e9es \u00e0 caract\u00e8re personnel par un tiers. Vous restez seul responsable de la confidentialit\u00e9 et de l\u2019utilisation de votre ordinateur, de votre adresse IP, de vos donn\u00e9es de connexion et d\u2019identification.<\/p>\n<h2>9.\u00a0 \u00a0 Votre vie priv\u00e9e<\/h2>\n<p>Votre vie priv\u00e9e est importante pour nous.<\/p>\n<p>Nous nous effor\u00e7ons donc de la prot\u00e9ger au mieux et attachons une grande importance au respect (i) de la loi du 8 d\u00e9cembre 1992 relative \u00e0 la protection de la vie priv\u00e9e \u00e0 l\u2019\u00e9gard des traitements de donn\u00e9es \u00e0 caract\u00e8re personnel (telle que modifi\u00e9e par la loi du 11 d\u00e9cembre 1998, \u00ab\u00a0loi sur le traitement des donn\u00e9es \u00e0 caract\u00e8re personnel\u00a0\u00bb) ; (ii) des dispositions antispam du livre XII du Code de droit \u00e9conomique relatives au droit de l\u2019\u00e9conomie \u00e9lectronique ; et (iii) du r\u00e8glement europ\u00e9en 2016\/679 du 27 avril 2016 relatif \u00e0 la protection des donn\u00e9es \u00e0 caract\u00e8re personnel (\u00ab\u00a0R\u00e8glement G\u00e9n\u00e9ral sur la Protection des Donn\u00e9es\u00a0\u00bb).<\/p>\n","protected":false},"excerpt":{"rendered":"<p>Derni\u00e8re modification le 14\/04\/2021 1.\u00a0 \u00a0\u00a0Bienvenue Nous sommes Tourex, une SA, \u00e9tablie \u00e0 Spoorwegstraat 7 B-1601 Ruisbroek, avec le num\u00e9ro d\u2019entreprise BE 0437&#8230;<\/p>\n","protected":false},"author":1,"featured_media":0,"parent":0,"menu_order":0,"comment_status":"closed","ping_status":"closed","template":"","meta":{"_acf_changed":false,"inline_featured_image":false,"footnotes":""},"class_list":["post-2164","page","type-page","status-publish","hentry"],"acf":[],"yoast_head":"<!-- This site is optimized with the Yoast SEO plugin v27.5 - https:\/\/yoast.com\/product\/yoast-seo-wordpress\/ -->\n<title>Privacy Policy - Tourex<\/title>\n<meta name=\"robots\" content=\"index, follow, max-snippet:-1, max-image-preview:large, max-video-preview:-1\" \/>\n<link rel=\"canonical\" href=\"https:\/\/www.tourex.be\/fr\/privacy-policy\/\" \/>\n<meta property=\"og:locale\" content=\"fr_FR\" \/>\n<meta property=\"og:type\" content=\"article\" \/>\n<meta property=\"og:title\" content=\"Privacy Policy - Tourex\" \/>\n<meta property=\"og:description\" content=\"Derni\u00e8re modification le 14\/04\/2021 1.\u00a0 \u00a0\u00a0Bienvenue Nous sommes Tourex, une SA, \u00e9tablie \u00e0 Spoorwegstraat 7 B-1601 Ruisbroek, avec le num\u00e9ro d\u2019entreprise BE 0437...\" \/>\n<meta property=\"og:url\" content=\"https:\/\/www.tourex.be\/fr\/privacy-policy\/\" \/>\n<meta property=\"og:site_name\" content=\"Tourex\" \/>\n<meta property=\"article:publisher\" content=\"https:\/\/www.facebook.com\/trxprogear\" \/>\n<meta property=\"article:modified_time\" content=\"2021-04-14T09:09:23+00:00\" \/>\n<meta name=\"twitter:card\" content=\"summary_large_image\" \/>\n<meta name=\"twitter:label1\" content=\"Dur\u00e9e de lecture estim\u00e9e\" \/>\n\t<meta name=\"twitter:data1\" content=\"5 minutes\" \/>\n<script type=\"application\/ld+json\" class=\"yoast-schema-graph\">{\"@context\":\"https:\\\/\\\/schema.org\",\"@graph\":[{\"@type\":\"WebPage\",\"@id\":\"https:\\\/\\\/www.tourex.be\\\/fr\\\/privacy-policy\\\/\",\"url\":\"https:\\\/\\\/www.tourex.be\\\/fr\\\/privacy-policy\\\/\",\"name\":\"Privacy Policy - Tourex\",\"isPartOf\":{\"@id\":\"https:\\\/\\\/www.tourex.be\\\/fr\\\/#website\"},\"datePublished\":\"2018-08-28T10:22:20+00:00\",\"dateModified\":\"2021-04-14T09:09:23+00:00\",\"breadcrumb\":{\"@id\":\"https:\\\/\\\/www.tourex.be\\\/fr\\\/privacy-policy\\\/#breadcrumb\"},\"inLanguage\":\"fr-FR\",\"potentialAction\":[{\"@type\":\"ReadAction\",\"target\":[\"https:\\\/\\\/www.tourex.be\\\/fr\\\/privacy-policy\\\/\"]}]},{\"@type\":\"BreadcrumbList\",\"@id\":\"https:\\\/\\\/www.tourex.be\\\/fr\\\/privacy-policy\\\/#breadcrumb\",\"itemListElement\":[{\"@type\":\"ListItem\",\"position\":1,\"name\":\"Accueil\",\"item\":\"https:\\\/\\\/www.tourex.be\\\/fr\\\/\"},{\"@type\":\"ListItem\",\"position\":2,\"name\":\"Privacy Policy\"}]},{\"@type\":\"WebSite\",\"@id\":\"https:\\\/\\\/www.tourex.be\\\/fr\\\/#website\",\"url\":\"https:\\\/\\\/www.tourex.be\\\/fr\\\/\",\"name\":\"Tourex\",\"description\":\"\",\"publisher\":{\"@id\":\"https:\\\/\\\/www.tourex.be\\\/fr\\\/#organization\"},\"potentialAction\":[{\"@type\":\"SearchAction\",\"target\":{\"@type\":\"EntryPoint\",\"urlTemplate\":\"https:\\\/\\\/www.tourex.be\\\/fr\\\/?s={search_term_string}\"},\"query-input\":{\"@type\":\"PropertyValueSpecification\",\"valueRequired\":true,\"valueName\":\"search_term_string\"}}],\"inLanguage\":\"fr-FR\"},{\"@type\":\"Organization\",\"@id\":\"https:\\\/\\\/www.tourex.be\\\/fr\\\/#organization\",\"name\":\"Tourex\",\"url\":\"https:\\\/\\\/www.tourex.be\\\/fr\\\/\",\"logo\":{\"@type\":\"ImageObject\",\"inLanguage\":\"fr-FR\",\"@id\":\"https:\\\/\\\/www.tourex.be\\\/fr\\\/#\\\/schema\\\/logo\\\/image\\\/\",\"url\":\"https:\\\/\\\/www.tourex.be\\\/wp-content\\\/uploads\\\/2023\\\/06\\\/LogoTRX2022_ZwartRood.png\",\"contentUrl\":\"https:\\\/\\\/www.tourex.be\\\/wp-content\\\/uploads\\\/2023\\\/06\\\/LogoTRX2022_ZwartRood.png\",\"width\":7084,\"height\":3784,\"caption\":\"Tourex\"},\"image\":{\"@id\":\"https:\\\/\\\/www.tourex.be\\\/fr\\\/#\\\/schema\\\/logo\\\/image\\\/\"},\"sameAs\":[\"https:\\\/\\\/www.facebook.com\\\/trxprogear\",\"https:\\\/\\\/www.linkedin.com\\\/company\\\/tourex-nv-sa\\\/?originalSubdomain=be\"]}]}<\/script>\n<!-- \/ Yoast SEO plugin. -->","yoast_head_json":{"title":"Privacy Policy - Tourex","robots":{"index":"index","follow":"follow","max-snippet":"max-snippet:-1","max-image-preview":"max-image-preview:large","max-video-preview":"max-video-preview:-1"},"canonical":"https:\/\/www.tourex.be\/fr\/privacy-policy\/","og_locale":"fr_FR","og_type":"article","og_title":"Privacy Policy - Tourex","og_description":"Derni\u00e8re modification le 14\/04\/2021 1.\u00a0 \u00a0\u00a0Bienvenue Nous sommes Tourex, une SA, \u00e9tablie \u00e0 Spoorwegstraat 7 B-1601 Ruisbroek, avec le num\u00e9ro d\u2019entreprise BE 0437...","og_url":"https:\/\/www.tourex.be\/fr\/privacy-policy\/","og_site_name":"Tourex","article_publisher":"https:\/\/www.facebook.com\/trxprogear","article_modified_time":"2021-04-14T09:09:23+00:00","twitter_card":"summary_large_image","twitter_misc":{"Dur\u00e9e de lecture estim\u00e9e":"5 minutes"},"schema":{"@context":"https:\/\/schema.org","@graph":[{"@type":"WebPage","@id":"https:\/\/www.tourex.be\/fr\/privacy-policy\/","url":"https:\/\/www.tourex.be\/fr\/privacy-policy\/","name":"Privacy Policy - Tourex","isPartOf":{"@id":"https:\/\/www.tourex.be\/fr\/#website"},"datePublished":"2018-08-28T10:22:20+00:00","dateModified":"2021-04-14T09:09:23+00:00","breadcrumb":{"@id":"https:\/\/www.tourex.be\/fr\/privacy-policy\/#breadcrumb"},"inLanguage":"fr-FR","potentialAction":[{"@type":"ReadAction","target":["https:\/\/www.tourex.be\/fr\/privacy-policy\/"]}]},{"@type":"BreadcrumbList","@id":"https:\/\/www.tourex.be\/fr\/privacy-policy\/#breadcrumb","itemListElement":[{"@type":"ListItem","position":1,"name":"Accueil","item":"https:\/\/www.tourex.be\/fr\/"},{"@type":"ListItem","position":2,"name":"Privacy Policy"}]},{"@type":"WebSite","@id":"https:\/\/www.tourex.be\/fr\/#website","url":"https:\/\/www.tourex.be\/fr\/","name":"Tourex","description":"","publisher":{"@id":"https:\/\/www.tourex.be\/fr\/#organization"},"potentialAction":[{"@type":"SearchAction","target":{"@type":"EntryPoint","urlTemplate":"https:\/\/www.tourex.be\/fr\/?s={search_term_string}"},"query-input":{"@type":"PropertyValueSpecification","valueRequired":true,"valueName":"search_term_string"}}],"inLanguage":"fr-FR"},{"@type":"Organization","@id":"https:\/\/www.tourex.be\/fr\/#organization","name":"Tourex","url":"https:\/\/www.tourex.be\/fr\/","logo":{"@type":"ImageObject","inLanguage":"fr-FR","@id":"https:\/\/www.tourex.be\/fr\/#\/schema\/logo\/image\/","url":"https:\/\/www.tourex.be\/wp-content\/uploads\/2023\/06\/LogoTRX2022_ZwartRood.png","contentUrl":"https:\/\/www.tourex.be\/wp-content\/uploads\/2023\/06\/LogoTRX2022_ZwartRood.png","width":7084,"height":3784,"caption":"Tourex"},"image":{"@id":"https:\/\/www.tourex.be\/fr\/#\/schema\/logo\/image\/"},"sameAs":["https:\/\/www.facebook.com\/trxprogear","https:\/\/www.linkedin.com\/company\/tourex-nv-sa\/?originalSubdomain=be"]}]}},"_links":{"self":[{"href":"https:\/\/www.tourex.be\/fr\/wp-json\/wp\/v2\/pages\/2164","targetHints":{"allow":["GET"]}}],"collection":[{"href":"https:\/\/www.tourex.be\/fr\/wp-json\/wp\/v2\/pages"}],"about":[{"href":"https:\/\/www.tourex.be\/fr\/wp-json\/wp\/v2\/types\/page"}],"author":[{"embeddable":true,"href":"https:\/\/www.tourex.be\/fr\/wp-json\/wp\/v2\/users\/1"}],"replies":[{"embeddable":true,"href":"https:\/\/www.tourex.be\/fr\/wp-json\/wp\/v2\/comments?post=2164"}],"version-history":[{"count":0,"href":"https:\/\/www.tourex.be\/fr\/wp-json\/wp\/v2\/pages\/2164\/revisions"}],"wp:attachment":[{"href":"https:\/\/www.tourex.be\/fr\/wp-json\/wp\/v2\/media?parent=2164"}],"curies":[{"name":"wp","href":"https:\/\/api.w.org\/{rel}","templated":true}]}}