{"id":2268,"date":"2021-03-02T13:11:38","date_gmt":"2021-03-02T11:11:38","guid":{"rendered":"https:\/\/www.tourex.be\/over-ons\/"},"modified":"2021-03-04T16:41:35","modified_gmt":"2021-03-04T14:41:35","slug":"a-propos-de-nous","status":"publish","type":"page","link":"https:\/\/www.tourex.be\/fr\/a-propos-de-nous\/","title":{"rendered":"A propos de nous"},"content":{"rendered":"<p>Tourex SA est une societ\u00e9 en machines professionelles, outillage pour b\u00e2timent et industrie. La soci\u00e9t\u00e9 fond\u00e9e en 1987 a acquis beaucoup de notori\u00e9t\u00e9 dans le B\u00e9nelux avec des ventes en machines sp\u00e9cialis\u00e9es. Flexibilit\u00e9, service rapide et une connaissance technique sont nos points forts, mais aussi la large gamme de nos produits diff\u00e9rents est importante. Comme nous sommes grossiste vous trouverez nos produits professionels uniquement chez nos concessionnaires autoris\u00e9s.<\/p>\n<h2>MADE IN BELGIUM<\/h2>\n<p>Vu que certaines machines sont assembl\u00e9es au sein de notre entreprise, nous pouvons fournir des produits au besoin des clients. Cela nous permet d\u2019offrir des produits dont la qualit\u00e9 et un prix attrayant sont la cl\u00e9. Nos produits sont soumis \u00e0 des tests avant de sortir de nos ateliers.<\/p>\n<h2>TRANSPORT<\/h2>\n<p>Au depart de notre magasin central il y a un excellent r\u00e9seau de tranport. Nous sommes en mesure d\u2019assurer un rendement logistique en coop\u00e9ration avec diverses soci\u00e9t\u00e9s de transport comme GLS,DPD, etc\u2026.<\/p>\n","protected":false},"excerpt":{"rendered":"<p>Tourex SA est une societ\u00e9 en machines professionelles, outillage pour b\u00e2timent et industrie. La soci\u00e9t\u00e9 fond\u00e9e en 1987 a acquis beaucoup de notori\u00e9t\u00e9&#8230;<\/p>\n","protected":false},"author":1,"featured_media":0,"parent":0,"menu_order":0,"comment_status":"closed","ping_status":"closed","template":"","meta":{"_acf_changed":false,"inline_featured_image":false,"footnotes":""},"class_list":["post-2268","page","type-page","status-publish","hentry"],"acf":[],"yoast_head":"<!-- This site is optimized with the Yoast SEO plugin v27.5 - https:\/\/yoast.com\/product\/yoast-seo-wordpress\/ -->\n<title>A propos de nous - Tourex<\/title>\n<meta name=\"description\" content=\"Tourex SA est une societ\u00e9 en machines professionelles, outillage pour b\u00e2timent et industrie.\" \/>\n<meta name=\"robots\" content=\"index, follow, max-snippet:-1, max-image-preview:large, max-video-preview:-1\" \/>\n<link rel=\"canonical\" href=\"https:\/\/www.tourex.be\/fr\/a-propos-de-nous\/\" \/>\n<meta property=\"og:locale\" content=\"fr_FR\" \/>\n<meta property=\"og:type\" content=\"article\" \/>\n<meta property=\"og:title\" content=\"A propos de nous - Tourex\" \/>\n<meta property=\"og:description\" content=\"Tourex SA est une societ\u00e9 en machines professionelles, outillage pour b\u00e2timent et industrie.\" \/>\n<meta property=\"og:url\" content=\"https:\/\/www.tourex.be\/fr\/a-propos-de-nous\/\" \/>\n<meta property=\"og:site_name\" content=\"Tourex\" \/>\n<meta property=\"article:publisher\" content=\"https:\/\/www.facebook.com\/trxprogear\" \/>\n<meta property=\"article:modified_time\" content=\"2021-03-04T14:41:35+00:00\" \/>\n<meta name=\"twitter:card\" content=\"summary_large_image\" \/>\n<meta name=\"twitter:label1\" content=\"Dur\u00e9e de lecture estim\u00e9e\" \/>\n\t<meta name=\"twitter:data1\" content=\"1 minute\" \/>\n<script type=\"application\/ld+json\" class=\"yoast-schema-graph\">{\"@context\":\"https:\\\/\\\/schema.org\",\"@graph\":[{\"@type\":\"WebPage\",\"@id\":\"https:\\\/\\\/www.tourex.be\\\/fr\\\/a-propos-de-nous\\\/\",\"url\":\"https:\\\/\\\/www.tourex.be\\\/fr\\\/a-propos-de-nous\\\/\",\"name\":\"A propos de nous - Tourex\",\"isPartOf\":{\"@id\":\"https:\\\/\\\/www.tourex.be\\\/fr\\\/#website\"},\"datePublished\":\"2021-03-02T11:11:38+00:00\",\"dateModified\":\"2021-03-04T14:41:35+00:00\",\"description\":\"Tourex SA est une societ\u00e9 en machines professionelles, outillage pour b\u00e2timent et industrie.\",\"breadcrumb\":{\"@id\":\"https:\\\/\\\/www.tourex.be\\\/fr\\\/a-propos-de-nous\\\/#breadcrumb\"},\"inLanguage\":\"fr-FR\",\"potentialAction\":[{\"@type\":\"ReadAction\",\"target\":[\"https:\\\/\\\/www.tourex.be\\\/fr\\\/a-propos-de-nous\\\/\"]}]},{\"@type\":\"BreadcrumbList\",\"@id\":\"https:\\\/\\\/www.tourex.be\\\/fr\\\/a-propos-de-nous\\\/#breadcrumb\",\"itemListElement\":[{\"@type\":\"ListItem\",\"position\":1,\"name\":\"Accueil\",\"item\":\"https:\\\/\\\/www.tourex.be\\\/fr\\\/\"},{\"@type\":\"ListItem\",\"position\":2,\"name\":\"A propos de nous\"}]},{\"@type\":\"WebSite\",\"@id\":\"https:\\\/\\\/www.tourex.be\\\/fr\\\/#website\",\"url\":\"https:\\\/\\\/www.tourex.be\\\/fr\\\/\",\"name\":\"Tourex\",\"description\":\"\",\"publisher\":{\"@id\":\"https:\\\/\\\/www.tourex.be\\\/fr\\\/#organization\"},\"potentialAction\":[{\"@type\":\"SearchAction\",\"target\":{\"@type\":\"EntryPoint\",\"urlTemplate\":\"https:\\\/\\\/www.tourex.be\\\/fr\\\/?s={search_term_string}\"},\"query-input\":{\"@type\":\"PropertyValueSpecification\",\"valueRequired\":true,\"valueName\":\"search_term_string\"}}],\"inLanguage\":\"fr-FR\"},{\"@type\":\"Organization\",\"@id\":\"https:\\\/\\\/www.tourex.be\\\/fr\\\/#organization\",\"name\":\"Tourex\",\"url\":\"https:\\\/\\\/www.tourex.be\\\/fr\\\/\",\"logo\":{\"@type\":\"ImageObject\",\"inLanguage\":\"fr-FR\",\"@id\":\"https:\\\/\\\/www.tourex.be\\\/fr\\\/#\\\/schema\\\/logo\\\/image\\\/\",\"url\":\"https:\\\/\\\/www.tourex.be\\\/wp-content\\\/uploads\\\/2023\\\/06\\\/LogoTRX2022_ZwartRood.png\",\"contentUrl\":\"https:\\\/\\\/www.tourex.be\\\/wp-content\\\/uploads\\\/2023\\\/06\\\/LogoTRX2022_ZwartRood.png\",\"width\":7084,\"height\":3784,\"caption\":\"Tourex\"},\"image\":{\"@id\":\"https:\\\/\\\/www.tourex.be\\\/fr\\\/#\\\/schema\\\/logo\\\/image\\\/\"},\"sameAs\":[\"https:\\\/\\\/www.facebook.com\\\/trxprogear\",\"https:\\\/\\\/www.linkedin.com\\\/company\\\/tourex-nv-sa\\\/?originalSubdomain=be\"]}]}<\/script>\n<!-- \/ Yoast SEO plugin. -->","yoast_head_json":{"title":"A propos de nous - Tourex","description":"Tourex SA est une societ\u00e9 en machines professionelles, outillage pour b\u00e2timent et industrie.","robots":{"index":"index","follow":"follow","max-snippet":"max-snippet:-1","max-image-preview":"max-image-preview:large","max-video-preview":"max-video-preview:-1"},"canonical":"https:\/\/www.tourex.be\/fr\/a-propos-de-nous\/","og_locale":"fr_FR","og_type":"article","og_title":"A propos de nous - Tourex","og_description":"Tourex SA est une societ\u00e9 en machines professionelles, outillage pour b\u00e2timent et industrie.","og_url":"https:\/\/www.tourex.be\/fr\/a-propos-de-nous\/","og_site_name":"Tourex","article_publisher":"https:\/\/www.facebook.com\/trxprogear","article_modified_time":"2021-03-04T14:41:35+00:00","twitter_card":"summary_large_image","twitter_misc":{"Dur\u00e9e de lecture estim\u00e9e":"1 minute"},"schema":{"@context":"https:\/\/schema.org","@graph":[{"@type":"WebPage","@id":"https:\/\/www.tourex.be\/fr\/a-propos-de-nous\/","url":"https:\/\/www.tourex.be\/fr\/a-propos-de-nous\/","name":"A propos de nous - Tourex","isPartOf":{"@id":"https:\/\/www.tourex.be\/fr\/#website"},"datePublished":"2021-03-02T11:11:38+00:00","dateModified":"2021-03-04T14:41:35+00:00","description":"Tourex SA est une societ\u00e9 en machines professionelles, outillage pour b\u00e2timent et industrie.","breadcrumb":{"@id":"https:\/\/www.tourex.be\/fr\/a-propos-de-nous\/#breadcrumb"},"inLanguage":"fr-FR","potentialAction":[{"@type":"ReadAction","target":["https:\/\/www.tourex.be\/fr\/a-propos-de-nous\/"]}]},{"@type":"BreadcrumbList","@id":"https:\/\/www.tourex.be\/fr\/a-propos-de-nous\/#breadcrumb","itemListElement":[{"@type":"ListItem","position":1,"name":"Accueil","item":"https:\/\/www.tourex.be\/fr\/"},{"@type":"ListItem","position":2,"name":"A propos de nous"}]},{"@type":"WebSite","@id":"https:\/\/www.tourex.be\/fr\/#website","url":"https:\/\/www.tourex.be\/fr\/","name":"Tourex","description":"","publisher":{"@id":"https:\/\/www.tourex.be\/fr\/#organization"},"potentialAction":[{"@type":"SearchAction","target":{"@type":"EntryPoint","urlTemplate":"https:\/\/www.tourex.be\/fr\/?s={search_term_string}"},"query-input":{"@type":"PropertyValueSpecification","valueRequired":true,"valueName":"search_term_string"}}],"inLanguage":"fr-FR"},{"@type":"Organization","@id":"https:\/\/www.tourex.be\/fr\/#organization","name":"Tourex","url":"https:\/\/www.tourex.be\/fr\/","logo":{"@type":"ImageObject","inLanguage":"fr-FR","@id":"https:\/\/www.tourex.be\/fr\/#\/schema\/logo\/image\/","url":"https:\/\/www.tourex.be\/wp-content\/uploads\/2023\/06\/LogoTRX2022_ZwartRood.png","contentUrl":"https:\/\/www.tourex.be\/wp-content\/uploads\/2023\/06\/LogoTRX2022_ZwartRood.png","width":7084,"height":3784,"caption":"Tourex"},"image":{"@id":"https:\/\/www.tourex.be\/fr\/#\/schema\/logo\/image\/"},"sameAs":["https:\/\/www.facebook.com\/trxprogear","https:\/\/www.linkedin.com\/company\/tourex-nv-sa\/?originalSubdomain=be"]}]}},"_links":{"self":[{"href":"https:\/\/www.tourex.be\/fr\/wp-json\/wp\/v2\/pages\/2268","targetHints":{"allow":["GET"]}}],"collection":[{"href":"https:\/\/www.tourex.be\/fr\/wp-json\/wp\/v2\/pages"}],"about":[{"href":"https:\/\/www.tourex.be\/fr\/wp-json\/wp\/v2\/types\/page"}],"author":[{"embeddable":true,"href":"https:\/\/www.tourex.be\/fr\/wp-json\/wp\/v2\/users\/1"}],"replies":[{"embeddable":true,"href":"https:\/\/www.tourex.be\/fr\/wp-json\/wp\/v2\/comments?post=2268"}],"version-history":[{"count":0,"href":"https:\/\/www.tourex.be\/fr\/wp-json\/wp\/v2\/pages\/2268\/revisions"}],"wp:attachment":[{"href":"https:\/\/www.tourex.be\/fr\/wp-json\/wp\/v2\/media?parent=2268"}],"curies":[{"name":"wp","href":"https:\/\/api.w.org\/{rel}","templated":true}]}}