{"id":2307,"date":"2021-03-02T13:12:47","date_gmt":"2021-03-02T11:12:47","guid":{"rendered":"https:\/\/www.tourex.be\/contacteer-ons\/"},"modified":"2021-03-04T16:50:53","modified_gmt":"2021-03-04T14:50:53","slug":"contact","status":"publish","type":"page","link":"https:\/\/www.tourex.be\/fr\/contact\/","title":{"rendered":"Contactez nous"},"content":{"rendered":"<p>Merci de compl\u00e9ter les champs obligatoires si vous avez des questions.<\/p>\n<div class=\"wpforms-container \" id=\"wpforms-10\"><form id=\"wpforms-form-10\" class=\"wpforms-validate wpforms-form\" data-formid=\"10\" method=\"post\" enctype=\"multipart\/form-data\" action=\"\/fr\/wp-json\/wp\/v2\/pages\/2307\" data-token=\"384556a661f33682c2610c82ad9f6194\" data-token-time=\"1777795785\"><noscript class=\"wpforms-error-noscript\">Veuillez activer JavaScript dans votre navigateur pour remplir ce formulaire.<\/noscript><div class=\"wpforms-field-container\"><div id=\"wpforms-10-field_4-container\" class=\"wpforms-field wpforms-field-text wpforms-one-half wpforms-first\" data-field-id=\"4\"><label class=\"wpforms-field-label\" for=\"wpforms-10-field_4\">Pr\u00e9-nom <span class=\"wpforms-required-label\">*<\/span><\/label><input type=\"text\" id=\"wpforms-10-field_4\" class=\"wpforms-field-large wpforms-field-required\" name=\"wpforms[fields][4]\" required><\/div><div id=\"wpforms-10-field_5-container\" class=\"wpforms-field wpforms-field-text wpforms-one-half wpforms-second\" data-field-id=\"5\"><label class=\"wpforms-field-label\" for=\"wpforms-10-field_5\">Nom <span class=\"wpforms-required-label\">*<\/span><\/label><input type=\"text\" id=\"wpforms-10-field_5\" class=\"wpforms-field-large wpforms-field-required\" name=\"wpforms[fields][5]\" required><\/div><div id=\"wpforms-10-field_1-container\" class=\"wpforms-field wpforms-field-email wpforms-one-half wpforms-first\" data-field-id=\"1\"><label class=\"wpforms-field-label\" for=\"wpforms-10-field_1\">E-mail <span class=\"wpforms-required-label\">*<\/span><\/label><input type=\"email\" id=\"wpforms-10-field_1\" class=\"wpforms-field-large wpforms-field-required\" name=\"wpforms[fields][1]\" spellcheck=\"false\" required><\/div><div id=\"wpforms-10-field_6-container\" class=\"wpforms-field wpforms-field-text wpforms-one-half wpforms-second\" data-field-id=\"6\"><label class=\"wpforms-field-label\" for=\"wpforms-10-field_6\">T\u00e9l\u00e9phone <span class=\"wpforms-required-label\">*<\/span><\/label><input type=\"text\" id=\"wpforms-10-field_6\" class=\"wpforms-field-large wpforms-field-required\" name=\"wpforms[fields][6]\" required><\/div><div id=\"wpforms-10-field_7-container\" class=\"wpforms-field wpforms-field-text wpforms-full\" data-field-id=\"7\"><label class=\"wpforms-field-label\" for=\"wpforms-10-field_7\">Sujet <span class=\"wpforms-required-label\">*<\/span><\/label><input type=\"text\" id=\"wpforms-10-field_7\" class=\"wpforms-field-large wpforms-field-required\" name=\"wpforms[fields][7]\" required><\/div><div id=\"wpforms-10-field_2-container\" class=\"wpforms-field wpforms-field-textarea wpforms-both\" data-field-id=\"2\"><label class=\"wpforms-field-label\" for=\"wpforms-10-field_2\">Votre message <span class=\"wpforms-required-label\">*<\/span><\/label><textarea id=\"wpforms-10-field_2\" class=\"wpforms-field-large wpforms-field-required\" name=\"wpforms[fields][2]\" required><\/textarea><\/div><div id=\"wpforms-10-field_8-container\" class=\"wpforms-field wpforms-field-html\" data-field-id=\"8\"><div id=\"wpforms-10-field_8\">Nous respectons votre <a href=\"\/fr\/privacy-policy\/\">privacy<\/a>. Vos donn\u00e9es seront trait\u00e9es de mani\u00e8re confidentielle.<\/div><\/div><\/div><!-- .wpforms-field-container --><div class=\"wpforms-field wpforms-field-hp\"><label for=\"wpforms-10-field-hp\" class=\"wpforms-field-label\">Comment<\/label><input type=\"text\" name=\"wpforms[hp]\" id=\"wpforms-10-field-hp\" class=\"wpforms-field-medium\"><\/div><div class=\"wpforms-recaptcha-container wpforms-is-recaptcha wpforms-is-recaptcha-type-v3\" ><input type=\"hidden\" name=\"wpforms[recaptcha]\" value=\"\"><\/div><div class=\"wpforms-submit-container\" ><input type=\"hidden\" name=\"wpforms[id]\" value=\"10\"><input type=\"hidden\" name=\"page_title\" value=\"\"><input type=\"hidden\" name=\"page_url\" value=\"https:\/\/www.tourex.be\/fr\/wp-json\/wp\/v2\/pages\/2307\"><input type=\"hidden\" name=\"url_referer\" value=\"\"><button type=\"submit\" name=\"wpforms[submit]\" id=\"wpforms-submit-10\" class=\"wpforms-submit wpforms-one-third wpforms-first\" data-alt-text=\"Envoyez...\" data-submit-text=\"Envoyez\" aria-live=\"assertive\" value=\"wpforms-submit\">Envoyez<\/button><\/div><\/form><\/div>  <!-- .wpforms-container -->\n","protected":false},"excerpt":{"rendered":"<p>Merci de compl\u00e9ter les champs obligatoires si vous avez des questions.<\/p>\n","protected":false},"author":1,"featured_media":0,"parent":0,"menu_order":0,"comment_status":"closed","ping_status":"closed","template":"page-contact.php","meta":{"_acf_changed":false,"inline_featured_image":false,"footnotes":""},"class_list":["post-2307","page","type-page","status-publish","hentry"],"acf":[],"yoast_head":"<!-- This site is optimized with the Yoast SEO plugin v27.5 - https:\/\/yoast.com\/product\/yoast-seo-wordpress\/ -->\n<title>Contactez nous - Tourex<\/title>\n<meta name=\"description\" content=\"Si vous avez des questions, vous pouvez les demander ici.\" \/>\n<meta name=\"robots\" content=\"index, follow, max-snippet:-1, max-image-preview:large, max-video-preview:-1\" \/>\n<link rel=\"canonical\" href=\"https:\/\/www.tourex.be\/fr\/contact\/\" \/>\n<meta property=\"og:locale\" content=\"fr_FR\" \/>\n<meta property=\"og:type\" content=\"article\" \/>\n<meta property=\"og:title\" content=\"Contactez nous - Tourex\" \/>\n<meta property=\"og:description\" content=\"Si vous avez des questions, vous pouvez les demander ici.\" \/>\n<meta property=\"og:url\" content=\"https:\/\/www.tourex.be\/fr\/contact\/\" \/>\n<meta property=\"og:site_name\" content=\"Tourex\" \/>\n<meta property=\"article:publisher\" content=\"https:\/\/www.facebook.com\/trxprogear\" \/>\n<meta property=\"article:modified_time\" content=\"2021-03-04T14:50:53+00:00\" \/>\n<meta name=\"twitter:card\" content=\"summary_large_image\" \/>\n<meta name=\"twitter:label1\" content=\"Dur\u00e9e de lecture estim\u00e9e\" \/>\n\t<meta name=\"twitter:data1\" content=\"1 minute\" \/>\n<script type=\"application\/ld+json\" class=\"yoast-schema-graph\">{\"@context\":\"https:\\\/\\\/schema.org\",\"@graph\":[{\"@type\":\"WebPage\",\"@id\":\"https:\\\/\\\/www.tourex.be\\\/fr\\\/contact\\\/\",\"url\":\"https:\\\/\\\/www.tourex.be\\\/fr\\\/contact\\\/\",\"name\":\"Contactez nous - Tourex\",\"isPartOf\":{\"@id\":\"https:\\\/\\\/www.tourex.be\\\/fr\\\/#website\"},\"datePublished\":\"2021-03-02T11:12:47+00:00\",\"dateModified\":\"2021-03-04T14:50:53+00:00\",\"description\":\"Si vous avez des questions, vous pouvez les demander ici.\",\"breadcrumb\":{\"@id\":\"https:\\\/\\\/www.tourex.be\\\/fr\\\/contact\\\/#breadcrumb\"},\"inLanguage\":\"fr-FR\",\"potentialAction\":[{\"@type\":\"ReadAction\",\"target\":[\"https:\\\/\\\/www.tourex.be\\\/fr\\\/contact\\\/\"]}]},{\"@type\":\"BreadcrumbList\",\"@id\":\"https:\\\/\\\/www.tourex.be\\\/fr\\\/contact\\\/#breadcrumb\",\"itemListElement\":[{\"@type\":\"ListItem\",\"position\":1,\"name\":\"Accueil\",\"item\":\"https:\\\/\\\/www.tourex.be\\\/fr\\\/\"},{\"@type\":\"ListItem\",\"position\":2,\"name\":\"Contactez nous\"}]},{\"@type\":\"WebSite\",\"@id\":\"https:\\\/\\\/www.tourex.be\\\/fr\\\/#website\",\"url\":\"https:\\\/\\\/www.tourex.be\\\/fr\\\/\",\"name\":\"Tourex\",\"description\":\"\",\"publisher\":{\"@id\":\"https:\\\/\\\/www.tourex.be\\\/fr\\\/#organization\"},\"potentialAction\":[{\"@type\":\"SearchAction\",\"target\":{\"@type\":\"EntryPoint\",\"urlTemplate\":\"https:\\\/\\\/www.tourex.be\\\/fr\\\/?s={search_term_string}\"},\"query-input\":{\"@type\":\"PropertyValueSpecification\",\"valueRequired\":true,\"valueName\":\"search_term_string\"}}],\"inLanguage\":\"fr-FR\"},{\"@type\":\"Organization\",\"@id\":\"https:\\\/\\\/www.tourex.be\\\/fr\\\/#organization\",\"name\":\"Tourex\",\"url\":\"https:\\\/\\\/www.tourex.be\\\/fr\\\/\",\"logo\":{\"@type\":\"ImageObject\",\"inLanguage\":\"fr-FR\",\"@id\":\"https:\\\/\\\/www.tourex.be\\\/fr\\\/#\\\/schema\\\/logo\\\/image\\\/\",\"url\":\"https:\\\/\\\/www.tourex.be\\\/wp-content\\\/uploads\\\/2023\\\/06\\\/LogoTRX2022_ZwartRood.png\",\"contentUrl\":\"https:\\\/\\\/www.tourex.be\\\/wp-content\\\/uploads\\\/2023\\\/06\\\/LogoTRX2022_ZwartRood.png\",\"width\":7084,\"height\":3784,\"caption\":\"Tourex\"},\"image\":{\"@id\":\"https:\\\/\\\/www.tourex.be\\\/fr\\\/#\\\/schema\\\/logo\\\/image\\\/\"},\"sameAs\":[\"https:\\\/\\\/www.facebook.com\\\/trxprogear\",\"https:\\\/\\\/www.linkedin.com\\\/company\\\/tourex-nv-sa\\\/?originalSubdomain=be\"]}]}<\/script>\n<!-- \/ Yoast SEO plugin. -->","yoast_head_json":{"title":"Contactez nous - Tourex","description":"Si vous avez des questions, vous pouvez les demander ici.","robots":{"index":"index","follow":"follow","max-snippet":"max-snippet:-1","max-image-preview":"max-image-preview:large","max-video-preview":"max-video-preview:-1"},"canonical":"https:\/\/www.tourex.be\/fr\/contact\/","og_locale":"fr_FR","og_type":"article","og_title":"Contactez nous - Tourex","og_description":"Si vous avez des questions, vous pouvez les demander ici.","og_url":"https:\/\/www.tourex.be\/fr\/contact\/","og_site_name":"Tourex","article_publisher":"https:\/\/www.facebook.com\/trxprogear","article_modified_time":"2021-03-04T14:50:53+00:00","twitter_card":"summary_large_image","twitter_misc":{"Dur\u00e9e de lecture estim\u00e9e":"1 minute"},"schema":{"@context":"https:\/\/schema.org","@graph":[{"@type":"WebPage","@id":"https:\/\/www.tourex.be\/fr\/contact\/","url":"https:\/\/www.tourex.be\/fr\/contact\/","name":"Contactez nous - Tourex","isPartOf":{"@id":"https:\/\/www.tourex.be\/fr\/#website"},"datePublished":"2021-03-02T11:12:47+00:00","dateModified":"2021-03-04T14:50:53+00:00","description":"Si vous avez des questions, vous pouvez les demander ici.","breadcrumb":{"@id":"https:\/\/www.tourex.be\/fr\/contact\/#breadcrumb"},"inLanguage":"fr-FR","potentialAction":[{"@type":"ReadAction","target":["https:\/\/www.tourex.be\/fr\/contact\/"]}]},{"@type":"BreadcrumbList","@id":"https:\/\/www.tourex.be\/fr\/contact\/#breadcrumb","itemListElement":[{"@type":"ListItem","position":1,"name":"Accueil","item":"https:\/\/www.tourex.be\/fr\/"},{"@type":"ListItem","position":2,"name":"Contactez nous"}]},{"@type":"WebSite","@id":"https:\/\/www.tourex.be\/fr\/#website","url":"https:\/\/www.tourex.be\/fr\/","name":"Tourex","description":"","publisher":{"@id":"https:\/\/www.tourex.be\/fr\/#organization"},"potentialAction":[{"@type":"SearchAction","target":{"@type":"EntryPoint","urlTemplate":"https:\/\/www.tourex.be\/fr\/?s={search_term_string}"},"query-input":{"@type":"PropertyValueSpecification","valueRequired":true,"valueName":"search_term_string"}}],"inLanguage":"fr-FR"},{"@type":"Organization","@id":"https:\/\/www.tourex.be\/fr\/#organization","name":"Tourex","url":"https:\/\/www.tourex.be\/fr\/","logo":{"@type":"ImageObject","inLanguage":"fr-FR","@id":"https:\/\/www.tourex.be\/fr\/#\/schema\/logo\/image\/","url":"https:\/\/www.tourex.be\/wp-content\/uploads\/2023\/06\/LogoTRX2022_ZwartRood.png","contentUrl":"https:\/\/www.tourex.be\/wp-content\/uploads\/2023\/06\/LogoTRX2022_ZwartRood.png","width":7084,"height":3784,"caption":"Tourex"},"image":{"@id":"https:\/\/www.tourex.be\/fr\/#\/schema\/logo\/image\/"},"sameAs":["https:\/\/www.facebook.com\/trxprogear","https:\/\/www.linkedin.com\/company\/tourex-nv-sa\/?originalSubdomain=be"]}]}},"_links":{"self":[{"href":"https:\/\/www.tourex.be\/fr\/wp-json\/wp\/v2\/pages\/2307","targetHints":{"allow":["GET"]}}],"collection":[{"href":"https:\/\/www.tourex.be\/fr\/wp-json\/wp\/v2\/pages"}],"about":[{"href":"https:\/\/www.tourex.be\/fr\/wp-json\/wp\/v2\/types\/page"}],"author":[{"embeddable":true,"href":"https:\/\/www.tourex.be\/fr\/wp-json\/wp\/v2\/users\/1"}],"replies":[{"embeddable":true,"href":"https:\/\/www.tourex.be\/fr\/wp-json\/wp\/v2\/comments?post=2307"}],"version-history":[{"count":0,"href":"https:\/\/www.tourex.be\/fr\/wp-json\/wp\/v2\/pages\/2307\/revisions"}],"wp:attachment":[{"href":"https:\/\/www.tourex.be\/fr\/wp-json\/wp\/v2\/media?parent=2307"}],"curies":[{"name":"wp","href":"https:\/\/api.w.org\/{rel}","templated":true}]}}