{"id":3229,"date":"2021-04-07T05:49:02","date_gmt":"2021-04-07T03:49:02","guid":{"rendered":"https:\/\/www.tourex.be\/register\/"},"modified":"2024-10-08T11:40:17","modified_gmt":"2024-10-08T09:40:17","slug":"register","status":"publish","type":"page","link":"https:\/\/www.tourex.be\/fr\/register\/","title":{"rendered":"Cr\u00e9er un compte"},"content":{"rendered":"        <form enctype=\"multipart\/form-data\" method=\"post\" id=\"wppb-register-user\" class=\"wppb-user-forms wppb-register-user wppb-user-logged-out\" action=\"https:\/\/www.tourex.be\/fr\/wp-json\/wp\/v2\/pages\/3229\">\n\t\t\t<ul><li class=\"wppb-form-field wppb-heading\" id=\"wppb-form-element-35\"><h2 class=\"extra_field_heading\">Informations personnelles<\/h2><span class=\"wppb-description-delimiter\"><\/span><\/li><li class=\"wppb-form-field wppb-radio\" id=\"wppb-form-element-14\">\n\t\t\t\t<label for=\"custom_field_1\">Type de commande<span class=\"wppb-required\" title=\"Ce champ est obligatoire\">*<\/span><\/label><ul class=\"wppb-radios\"><li><input value=\"Particulier\" class=\"custom_field_radio \" id=\"particulier_14\" name=\"custom_field_1\" type=\"radio\"  required   checked \/><label for=\"particulier_14\" class=\"wppb-rc-value\">Priv\u00e9<\/label><\/li><li><input value=\"Zakelijk\" class=\"custom_field_radio \" id=\"zakelijk_14\" name=\"custom_field_1\" type=\"radio\"  required   \/><label for=\"zakelijk_14\" class=\"wppb-rc-value\">Entreprises<\/label><\/li><\/ul><\/li><li class=\"wppb-form-field wppb-radio\" id=\"wppb-form-element-15\">\n\t\t\t\t<label for=\"custom_field_2\">Salutation *<\/label><ul class=\"wppb-radios\"><li><input value=\"Mevrouw\" class=\"custom_field_radio \" id=\"mevrouw_15\" name=\"custom_field_2\" type=\"radio\"   checked \/><label for=\"mevrouw_15\" class=\"wppb-rc-value\">Mme<\/label><\/li><li><input value=\"De heer\" class=\"custom_field_radio \" id=\"de-heer_15\" name=\"custom_field_2\" type=\"radio\"   \/><label for=\"de-heer_15\" class=\"wppb-rc-value\">Monsieur<\/label><\/li><\/ul><\/li><li class=\"wppb-form-field wppb-default-first-name\" id=\"wppb-form-element-3\">\n\t\t\t<label for=\"first_name\">Pr\u00e9nom<span class=\"wppb-required\" title=\"Ce champ est obligatoire\">*<\/span><\/label>\n\t\t\t<input class=\"text-input default_field_firstname \" name=\"first_name\" maxlength=\"70\" type=\"text\" id=\"first_name\" value=\"\"  required  \/><\/li><li class=\"wppb-form-field wppb-default-last-name\" id=\"wppb-form-element-4\">\n\t\t\t<label for=\"last_name\">Nom de famille<span class=\"wppb-required\" title=\"Ce champ est obligatoire\">*<\/span><\/label>\n\t\t\t<input class=\"text-input default_field_lastname \" name=\"last_name\" maxlength=\"70\" type=\"text\" id=\"last_name\" value=\"\"  required \/><\/li><li class=\"wppb-form-field wppb-input\" id=\"wppb-form-element-16\">\n\t\t\t\t<label for=\"custom_field_3\">Nom de la compagnie<span class=\"wppb-required\" title=\"Ce champ est obligatoire\">*<\/span><\/label>\n\t\t\t\t<input class=\"extra_field_input \" name=\"custom_field_3\" maxlength=\"250\" type=\"text\" id=\"custom_field_3\" value=\"\"  required \/><\/li><li class=\"wppb-form-field wppb-select\" id=\"wppb-form-element-17\">\n\t\t\t\t<label for=\"custom_field_4\">R\u00e9f\u00e9rence<\/label>\n\t\t\t\t<select name=\"custom_field_4\" id=\"custom_field_4\" class=\"custom_field_select\" ><option value=\"Online\" class=\"custom_field_select_option \" >Via une personne de contact<\/option><option value=\"Via een contactpersoon\" class=\"custom_field_select_option \" >en ligne<\/option><option value=\"Via eerdere samenwerking\" class=\"custom_field_select_option \" >via une collaboration ant\u00e9rieure<\/option>\n\t\t\t\t<\/select><\/li><li class=\"wppb-form-field wppb-input\" id=\"wppb-form-element-18\">\n\t\t\t\t<label for=\"custom_field_5\">Num\u00e9ro de TVA<\/label>\n\t\t\t\t<input class=\"extra_field_input \" name=\"custom_field_5\" maxlength=\"250\" type=\"text\" id=\"custom_field_5\" value=\"\" \/><span class=\"wppb-description-delimiter\"> <\/span><\/li><li class=\"wppb-form-field wppb-input\" id=\"wppb-form-element-33\">\n\t\t\t\t<label for=\"custom_field_16\">Num\u00e9ro de t\u00e9l\u00e9phone portable<\/label>\n\t\t\t\t<input class=\"extra_field_input \" name=\"custom_field_16\" maxlength=\"250\" type=\"text\" id=\"custom_field_16\" value=\"\" \/><\/li><li class=\"wppb-form-field wppb-input\" id=\"wppb-form-element-34\">\n\t\t\t\t<label for=\"custom_field_17\">T\u00e9l\u00e9phone<\/label>\n\t\t\t\t<input class=\"extra_field_input \" name=\"custom_field_17\" maxlength=\"250\" type=\"text\" id=\"custom_field_17\" value=\"\" \/><\/li><li class=\"wppb-form-field wppb-heading\" id=\"wppb-form-element-25\"><h4 class=\"extra_field_heading\">Adresse de livraison<\/h4><span class=\"wppb-description-delimiter\"><\/span><\/li><li class=\"wppb-form-field wppb-input\" id=\"wppb-form-element-19\">\n\t\t\t\t<label for=\"custom_field_6\">Postal code<\/label>\n\t\t\t\t<input class=\"extra_field_input \" name=\"custom_field_6\" maxlength=\"250\" type=\"text\" id=\"custom_field_6\" value=\"\" \/><\/li><li class=\"wppb-form-field wppb-input\" id=\"wppb-form-element-20\">\n\t\t\t\t<label for=\"custom_field_7\">Commune<\/label>\n\t\t\t\t<input class=\"extra_field_input \" name=\"custom_field_7\" maxlength=\"250\" type=\"text\" id=\"custom_field_7\" value=\"\" \/><\/li><li class=\"wppb-form-field wppb-input\" id=\"wppb-form-element-21\">\n\t\t\t\t<label for=\"custom_field_8\">Nom de rue<\/label>\n\t\t\t\t<input class=\"extra_field_input \" name=\"custom_field_8\" maxlength=\"250\" type=\"text\" id=\"custom_field_8\" value=\"\" \/><\/li><li class=\"wppb-form-field wppb-input\" id=\"wppb-form-element-22\">\n\t\t\t\t<label for=\"custom_field_9\">Num\u00e9ro de maison et bus<\/label>\n\t\t\t\t<input class=\"extra_field_input \" name=\"custom_field_9\" maxlength=\"250\" type=\"text\" id=\"custom_field_9\" value=\"\" \/><\/li><li class=\"wppb-form-field wppb-input\" id=\"wppb-form-element-23\">\n\t\t\t\t<label for=\"custom_field_10\">ligne d'adresse suppl\u00e9mentaire<\/label>\n\t\t\t\t<input class=\"extra_field_input \" name=\"custom_field_10\" maxlength=\"250\" type=\"text\" id=\"custom_field_10\" value=\"\" \/><\/li><li class=\"wppb-form-field wppb-heading\" id=\"wppb-form-element-26\"><h4 class=\"extra_field_heading\">Adresse de facturation<\/h4><span class=\"wppb-description-delimiter\"><\/span><\/li><li class=\"wppb-form-field wppb-checkbox\" id=\"wppb-form-element-24\">\n\t\t\t\t<label for=\"custom_field_11\"> <\/label><ul class=\"wppb-checkboxes\"><li class=\"wppb-hidden\"><input type=\"hidden\" value=\"\" name=\"custom_field_11\"><\/li><li><input value=\"Hetzelfde als bezorgadres\" class=\"custom_field_checkbox\" name=\"custom_field_11[]\" id=\"hetzelfde-als-bezorgadres_24\" type=\"checkbox\"   checked \/><label for=\"hetzelfde-als-bezorgadres_24\" class=\"wppb-rc-value\">Identique \u00e0 l'adresse de livraison<\/label><\/li><\/ul><\/li><li class=\"wppb-form-field wppb-input\" id=\"wppb-form-element-27\">\n\t\t\t\t<label for=\"custom_field_12\">Postal code<\/label>\n\t\t\t\t<input class=\"extra_field_input \" name=\"custom_field_12\" maxlength=\"250\" type=\"text\" id=\"custom_field_12\" value=\"\" \/><\/li><li class=\"wppb-form-field wppb-input\" id=\"wppb-form-element-28\">\n\t\t\t\t<label for=\"custom_field_13\">Commune<\/label>\n\t\t\t\t<input class=\"extra_field_input \" name=\"custom_field_13\" maxlength=\"250\" type=\"text\" id=\"custom_field_13\" value=\"\" \/><\/li><li class=\"wppb-form-field wppb-input\" id=\"wppb-form-element-29\">\n\t\t\t\t<label for=\"custom_field_14\">Nom de rue<\/label>\n\t\t\t\t<input class=\"extra_field_input \" name=\"custom_field_14\" maxlength=\"250\" type=\"text\" id=\"custom_field_14\" value=\"\" \/><\/li><li class=\"wppb-form-field wppb-input\" id=\"wppb-form-element-30\">\n\t\t\t\t<label for=\"custom_field_15\">Num\u00e9ro de maison et bus<\/label>\n\t\t\t\t<input class=\"extra_field_input \" name=\"custom_field_15\" maxlength=\"250\" type=\"text\" id=\"custom_field_15\" value=\"\" \/><\/li><li class=\"wppb-form-field wppb-heading\" id=\"wppb-form-element-31\"><h2 class=\"extra_field_heading\">Cr\u00e9dits<\/h2><span class=\"wppb-description-delimiter\">L'adresse e-mail et le mot de passe sont n\u00e9cessaires pour acc\u00e9der aux donn\u00e9es. Nous vous tiendrons \u00e9galement inform\u00e9s de l'\u00e9tat des commandes via cette adresse e-mail.<\/span><\/li><li class=\"wppb-form-field wppb-default-username\" id=\"wppb-form-element-2\">\n\t\t\t<label for=\"username\">Nom d'utilisateur<span class=\"wppb-required\" title=\"Ce champ est obligatoire\">*<\/span><\/label>\n\t\t\t<input class=\"text-input default_field_username \" name=\"username\" maxlength=\"70\" type=\"text\" id=\"username\" value=\"\"   required \/><\/li><li class=\"wppb-form-field wppb-default-e-mail\" id=\"wppb-form-element-8\">\n\t\t\t<label for=\"email\">E-mail<span class=\"wppb-required\" title=\"Ce champ est obligatoire\">*<\/span><\/label>\n\t\t\t<input class=\"text-input default_field_email \" name=\"email\" maxlength=\"70\" type=\"email\" id=\"email\" value=\"\"  required   \/><\/li><li class=\"wppb-form-field wppb-default-password\" id=\"wppb-form-element-12\">\n\t\t\t<label for=\"passw1\">Le mot de passe<span class=\"wppb-required\" title=\"Ce champ est obligatoire\">*<\/span><\/label>\n\t\t\t<input class=\"text-input \" name=\"passw1\" maxlength=\"70\" type=\"password\" id=\"passw1\" value=\"\" autocomplete=\"off\"  required \/><span class=\"wppb-description-delimiter\"> <\/span><\/li><li class=\"wppb-form-field wppb-default-repeat-password\" id=\"wppb-form-element-13\">\n\t\t\t<label for=\"passw2\">R\u00e9p\u00e9ter le mot de passe<span class=\"wppb-required\" title=\"Ce champ est obligatoire\">*<\/span><\/label>\n\t\t\t<input class=\"text-input \" name=\"passw2\" maxlength=\"70\" type=\"password\" id=\"passw2\" value=\"\" autocomplete=\"off\"  required \/><\/li><li class=\"wppb-form-field wppb-recaptcha\" id=\"wppb-form-element-36\"><label for=\"recaptcha_response_field\">reCAPTCHA<span class=\"wppb-required\" title=\"Ce champ est obligatoire\">*<\/span><\/label><div id=\"wppb-recaptcha-element-pb_register1\" class=\"wppb-recaptcha-element \"><\/div><\/li><\/ul><ul><\/ul>\t\t\t<p class=\"form-submit\"  >\n\t\t\t\t                \t\t\t\t<input name=\"register\" type=\"submit\" id=\"register\" class=\"submit button\" value=\"Cr\u00e9er un compte\" \/>\n                <input name=\"redirect_to\" type=\"hidden\" value=\"\" \/>\n                \t\t\t\t<input name=\"action\" type=\"hidden\" id=\"action\" value=\"register\" \/>\n\t\t\t\t<input name=\"form_name\" type=\"hidden\" id=\"form_name\" value=\"unspecified\" \/>\n\t\t\t\t<input name=\"form_id\" type=\"hidden\" id=\"form_id\" value=\"\" \/>\n\t\t\t\t\t\t\t<\/p><!-- .form-submit -->\n\t\t\t<input type=\"hidden\" id=\"register_unspecified_nonce_field\" name=\"register_unspecified_nonce_field\" value=\"fdf09edf4e\" \/><input type=\"hidden\" name=\"_wp_http_referer\" value=\"\/fr\/wp-json\/wp\/v2\/pages\/3229\" \/>\t\t<\/form>\n\t\t\n","protected":false},"excerpt":{"rendered":"","protected":false},"author":1,"featured_media":0,"parent":0,"menu_order":0,"comment_status":"closed","ping_status":"closed","template":"page-log-in.php","meta":{"_acf_changed":false,"inline_featured_image":false,"footnotes":""},"class_list":["post-3229","page","type-page","status-publish","hentry"],"acf":[],"yoast_head":"<!-- This site is optimized with the Yoast SEO plugin v27.3 - https:\/\/yoast.com\/product\/yoast-seo-wordpress\/ -->\n<title>Cr\u00e9er un compte - Tourex<\/title>\n<meta name=\"robots\" content=\"index, follow, max-snippet:-1, max-image-preview:large, max-video-preview:-1\" \/>\n<link rel=\"canonical\" href=\"https:\/\/www.tourex.be\/fr\/register\/\" \/>\n<meta property=\"og:locale\" content=\"fr_FR\" \/>\n<meta property=\"og:type\" content=\"article\" \/>\n<meta property=\"og:title\" content=\"Cr\u00e9er un compte - Tourex\" \/>\n<meta property=\"og:url\" content=\"https:\/\/www.tourex.be\/fr\/register\/\" \/>\n<meta property=\"og:site_name\" content=\"Tourex\" \/>\n<meta property=\"article:publisher\" content=\"https:\/\/www.facebook.com\/trxprogear\" \/>\n<meta property=\"article:modified_time\" content=\"2024-10-08T09:40:17+00:00\" \/>\n<meta name=\"twitter:card\" content=\"summary_large_image\" \/>\n<meta name=\"twitter:label1\" content=\"Dur\u00e9e de lecture estim\u00e9e\" \/>\n\t<meta name=\"twitter:data1\" content=\"1 minute\" \/>\n<script type=\"application\/ld+json\" class=\"yoast-schema-graph\">{\"@context\":\"https:\\\/\\\/schema.org\",\"@graph\":[{\"@type\":\"WebPage\",\"@id\":\"https:\\\/\\\/www.tourex.be\\\/fr\\\/register\\\/\",\"url\":\"https:\\\/\\\/www.tourex.be\\\/fr\\\/register\\\/\",\"name\":\"Cr\u00e9er un compte - Tourex\",\"isPartOf\":{\"@id\":\"https:\\\/\\\/www.tourex.be\\\/fr\\\/#website\"},\"datePublished\":\"2021-04-07T03:49:02+00:00\",\"dateModified\":\"2024-10-08T09:40:17+00:00\",\"breadcrumb\":{\"@id\":\"https:\\\/\\\/www.tourex.be\\\/fr\\\/register\\\/#breadcrumb\"},\"inLanguage\":\"fr-FR\",\"potentialAction\":[{\"@type\":\"ReadAction\",\"target\":[\"https:\\\/\\\/www.tourex.be\\\/fr\\\/register\\\/\"]}]},{\"@type\":\"BreadcrumbList\",\"@id\":\"https:\\\/\\\/www.tourex.be\\\/fr\\\/register\\\/#breadcrumb\",\"itemListElement\":[{\"@type\":\"ListItem\",\"position\":1,\"name\":\"Accueil\",\"item\":\"https:\\\/\\\/www.tourex.be\\\/fr\\\/\"},{\"@type\":\"ListItem\",\"position\":2,\"name\":\"Cr\u00e9er un compte\"}]},{\"@type\":\"WebSite\",\"@id\":\"https:\\\/\\\/www.tourex.be\\\/fr\\\/#website\",\"url\":\"https:\\\/\\\/www.tourex.be\\\/fr\\\/\",\"name\":\"Tourex\",\"description\":\"\",\"publisher\":{\"@id\":\"https:\\\/\\\/www.tourex.be\\\/fr\\\/#organization\"},\"potentialAction\":[{\"@type\":\"SearchAction\",\"target\":{\"@type\":\"EntryPoint\",\"urlTemplate\":\"https:\\\/\\\/www.tourex.be\\\/fr\\\/?s={search_term_string}\"},\"query-input\":{\"@type\":\"PropertyValueSpecification\",\"valueRequired\":true,\"valueName\":\"search_term_string\"}}],\"inLanguage\":\"fr-FR\"},{\"@type\":\"Organization\",\"@id\":\"https:\\\/\\\/www.tourex.be\\\/fr\\\/#organization\",\"name\":\"Tourex\",\"url\":\"https:\\\/\\\/www.tourex.be\\\/fr\\\/\",\"logo\":{\"@type\":\"ImageObject\",\"inLanguage\":\"fr-FR\",\"@id\":\"https:\\\/\\\/www.tourex.be\\\/fr\\\/#\\\/schema\\\/logo\\\/image\\\/\",\"url\":\"https:\\\/\\\/www.tourex.be\\\/wp-content\\\/uploads\\\/2023\\\/06\\\/LogoTRX2022_ZwartRood.png\",\"contentUrl\":\"https:\\\/\\\/www.tourex.be\\\/wp-content\\\/uploads\\\/2023\\\/06\\\/LogoTRX2022_ZwartRood.png\",\"width\":7084,\"height\":3784,\"caption\":\"Tourex\"},\"image\":{\"@id\":\"https:\\\/\\\/www.tourex.be\\\/fr\\\/#\\\/schema\\\/logo\\\/image\\\/\"},\"sameAs\":[\"https:\\\/\\\/www.facebook.com\\\/trxprogear\",\"https:\\\/\\\/www.linkedin.com\\\/company\\\/tourex-nv-sa\\\/?originalSubdomain=be\"]}]}<\/script>\n<!-- \/ Yoast SEO plugin. -->","yoast_head_json":{"title":"Cr\u00e9er un compte - Tourex","robots":{"index":"index","follow":"follow","max-snippet":"max-snippet:-1","max-image-preview":"max-image-preview:large","max-video-preview":"max-video-preview:-1"},"canonical":"https:\/\/www.tourex.be\/fr\/register\/","og_locale":"fr_FR","og_type":"article","og_title":"Cr\u00e9er un compte - Tourex","og_url":"https:\/\/www.tourex.be\/fr\/register\/","og_site_name":"Tourex","article_publisher":"https:\/\/www.facebook.com\/trxprogear","article_modified_time":"2024-10-08T09:40:17+00:00","twitter_card":"summary_large_image","twitter_misc":{"Dur\u00e9e de lecture estim\u00e9e":"1 minute"},"schema":{"@context":"https:\/\/schema.org","@graph":[{"@type":"WebPage","@id":"https:\/\/www.tourex.be\/fr\/register\/","url":"https:\/\/www.tourex.be\/fr\/register\/","name":"Cr\u00e9er un compte - Tourex","isPartOf":{"@id":"https:\/\/www.tourex.be\/fr\/#website"},"datePublished":"2021-04-07T03:49:02+00:00","dateModified":"2024-10-08T09:40:17+00:00","breadcrumb":{"@id":"https:\/\/www.tourex.be\/fr\/register\/#breadcrumb"},"inLanguage":"fr-FR","potentialAction":[{"@type":"ReadAction","target":["https:\/\/www.tourex.be\/fr\/register\/"]}]},{"@type":"BreadcrumbList","@id":"https:\/\/www.tourex.be\/fr\/register\/#breadcrumb","itemListElement":[{"@type":"ListItem","position":1,"name":"Accueil","item":"https:\/\/www.tourex.be\/fr\/"},{"@type":"ListItem","position":2,"name":"Cr\u00e9er un compte"}]},{"@type":"WebSite","@id":"https:\/\/www.tourex.be\/fr\/#website","url":"https:\/\/www.tourex.be\/fr\/","name":"Tourex","description":"","publisher":{"@id":"https:\/\/www.tourex.be\/fr\/#organization"},"potentialAction":[{"@type":"SearchAction","target":{"@type":"EntryPoint","urlTemplate":"https:\/\/www.tourex.be\/fr\/?s={search_term_string}"},"query-input":{"@type":"PropertyValueSpecification","valueRequired":true,"valueName":"search_term_string"}}],"inLanguage":"fr-FR"},{"@type":"Organization","@id":"https:\/\/www.tourex.be\/fr\/#organization","name":"Tourex","url":"https:\/\/www.tourex.be\/fr\/","logo":{"@type":"ImageObject","inLanguage":"fr-FR","@id":"https:\/\/www.tourex.be\/fr\/#\/schema\/logo\/image\/","url":"https:\/\/www.tourex.be\/wp-content\/uploads\/2023\/06\/LogoTRX2022_ZwartRood.png","contentUrl":"https:\/\/www.tourex.be\/wp-content\/uploads\/2023\/06\/LogoTRX2022_ZwartRood.png","width":7084,"height":3784,"caption":"Tourex"},"image":{"@id":"https:\/\/www.tourex.be\/fr\/#\/schema\/logo\/image\/"},"sameAs":["https:\/\/www.facebook.com\/trxprogear","https:\/\/www.linkedin.com\/company\/tourex-nv-sa\/?originalSubdomain=be"]}]}},"_links":{"self":[{"href":"https:\/\/www.tourex.be\/fr\/wp-json\/wp\/v2\/pages\/3229","targetHints":{"allow":["GET"]}}],"collection":[{"href":"https:\/\/www.tourex.be\/fr\/wp-json\/wp\/v2\/pages"}],"about":[{"href":"https:\/\/www.tourex.be\/fr\/wp-json\/wp\/v2\/types\/page"}],"author":[{"embeddable":true,"href":"https:\/\/www.tourex.be\/fr\/wp-json\/wp\/v2\/users\/1"}],"replies":[{"embeddable":true,"href":"https:\/\/www.tourex.be\/fr\/wp-json\/wp\/v2\/comments?post=3229"}],"version-history":[{"count":1,"href":"https:\/\/www.tourex.be\/fr\/wp-json\/wp\/v2\/pages\/3229\/revisions"}],"predecessor-version":[{"id":9181,"href":"https:\/\/www.tourex.be\/fr\/wp-json\/wp\/v2\/pages\/3229\/revisions\/9181"}],"wp:attachment":[{"href":"https:\/\/www.tourex.be\/fr\/wp-json\/wp\/v2\/media?parent=3229"}],"curies":[{"name":"wp","href":"https:\/\/api.w.org\/{rel}","templated":true}]}}